{"id":4612,"date":"2025-01-23T20:26:01","date_gmt":"2025-01-23T20:26:01","guid":{"rendered":"https:\/\/vflwatches.com\/eng\/?post_type=product&#038;p=4612"},"modified":"2025-01-23T20:32:06","modified_gmt":"2025-01-23T20:32:06","slug":"jaeger-lecoultre-etrier-white-gold","status":"publish","type":"product","link":"https:\/\/vflwatches.com\/eng\/product\/jaeger-lecoultre-etrier-white-gold\/","title":{"rendered":"Jaeger Lecoultre \u00e9trier white gold"},"content":{"rendered":"<p>Elegant and rare Jaeger le Coultre \u00e9trier Herm\u00e8s style. 100% original Jaeger le Coultre parts.<br \/>\nThe overall condition is very good. Triple signed (case, movement and dial). The case is 14k<br \/>\nsolid white gold. This version is made for the US market. It comes with the original box which<br \/>\nis also in very good condition. The strap is a genuine lizard Hirsch strap.<\/p>\n","protected":false},"excerpt":{"rendered":"<p>Specs:<br \/>\n\u2022\tMovement:\t\tMechanical handwinding<br \/>\n\u2022\tReference:\t\t&#8211;<br \/>\n\u2022\tCaliber:\t\t840<br \/>\n\u2022\tMaterial:\t\t14k white gold<br \/>\n\u2022\tDimensions:\t\t19mm without crown &#8211; 26,5mm from lug to lug<br \/>\n\u2022\tLug width:\t\t10mm<br \/>\n\u2022\tStrap:\t\t\tlizard leather strap<br \/>\n\u2022\tYear:\t\t\t1961<br \/>\n\u2022\tCrystal:\t\tPlexi<br \/>\n\u2022\tDial:\t\t\tBlack<br \/>\n\u2022\tBox:\t\t\tyes<br \/>\n\u2022\tDocuments: \t\t&#8211;<br \/>\n\u2022\tOther:\t\t\t&#8211;<\/p>\n","protected":false},"featured_media":4627,"template":"","meta":[],"product_cat":[101,34,26,27],"product_tag":[],"_links":{"self":[{"href":"https:\/\/vflwatches.com\/eng\/wp-json\/wp\/v2\/product\/4612"}],"collection":[{"href":"https:\/\/vflwatches.com\/eng\/wp-json\/wp\/v2\/product"}],"about":[{"href":"https:\/\/vflwatches.com\/eng\/wp-json\/wp\/v2\/types\/product"}],"wp:featuredmedia":[{"embeddable":true,"href":"https:\/\/vflwatches.com\/eng\/wp-json\/wp\/v2\/media\/4627"}],"wp:attachment":[{"href":"https:\/\/vflwatches.com\/eng\/wp-json\/wp\/v2\/media?parent=4612"}],"wp:term":[{"taxonomy":"product_cat","embeddable":true,"href":"https:\/\/vflwatches.com\/eng\/wp-json\/wp\/v2\/product_cat?post=4612"},{"taxonomy":"product_tag","embeddable":true,"href":"https:\/\/vflwatches.com\/eng\/wp-json\/wp\/v2\/product_tag?post=4612"}],"curies":[{"name":"wp","href":"https:\/\/api.w.org\/{rel}","templated":true}]}}