{"id":2646,"date":"2018-05-24T06:45:03","date_gmt":"2018-05-24T06:45:03","guid":{"rendered":"http:\/\/vflwatches.com\/eng\/?post_type=product&#038;p=2646"},"modified":"2022-06-16T22:23:26","modified_gmt":"2022-06-16T22:23:26","slug":"universal-geneve-tank","status":"publish","type":"product","link":"https:\/\/vflwatches.com\/eng\/product\/universal-geneve-tank\/","title":{"rendered":"Universal gen\u00e8ve Tank"},"content":{"rendered":"<p>Universal Gen\u00e8ve Tank. Art deco style. It appears to be in good condition, the 18k ros\u00e9 gold case has little wear.<br \/>\nTwo-tone dial has 2 small scratches just underneath the &#8216;Gen\u00e8ve&#8217; writing and has some little patina.<br \/>\nStepped lugs with a 22mm lugsize. Beautiful and rare watch for a true gentleman. Comes on a quality vintage lizard strap. <\/p>\n","protected":false},"excerpt":{"rendered":"<p>Specs:<br \/>\n\u2022\tMovement:\t\tMechanical handwinding<br \/>\n\u2022\tReference:\t\t110202 1<br \/>\n\u2022\tCaliber:\t\t1005<br \/>\n\u2022\tMaterial:\t\tRos\u00e9 gold<br \/>\n\u2022\tDimensions:\t\t26x36mm without crown<br \/>\n\u2022\tLug width:\t\t22mm<br \/>\n\u2022\tStrap:\t\t\tVintage leather strap<br \/>\n\u2022\tYear:\t\t\t1962<br \/>\n\u2022\tCrystal:\t\tPlexi<br \/>\n\u2022\tDial:\t\t\tChampaign\/ silver<br \/>\n\u2022\tBox:\t\t\t&#8211;<br \/>\n\u2022\tDocuments: \t\t&#8211;<br \/>\n\u2022\tOther:\t\t\t&#8211;<\/p>\n","protected":false},"featured_media":2613,"template":"","meta":[],"product_cat":[28,32,94,26,27],"product_tag":[],"_links":{"self":[{"href":"https:\/\/vflwatches.com\/eng\/wp-json\/wp\/v2\/product\/2646"}],"collection":[{"href":"https:\/\/vflwatches.com\/eng\/wp-json\/wp\/v2\/product"}],"about":[{"href":"https:\/\/vflwatches.com\/eng\/wp-json\/wp\/v2\/types\/product"}],"wp:featuredmedia":[{"embeddable":true,"href":"https:\/\/vflwatches.com\/eng\/wp-json\/wp\/v2\/media\/2613"}],"wp:attachment":[{"href":"https:\/\/vflwatches.com\/eng\/wp-json\/wp\/v2\/media?parent=2646"}],"wp:term":[{"taxonomy":"product_cat","embeddable":true,"href":"https:\/\/vflwatches.com\/eng\/wp-json\/wp\/v2\/product_cat?post=2646"},{"taxonomy":"product_tag","embeddable":true,"href":"https:\/\/vflwatches.com\/eng\/wp-json\/wp\/v2\/product_tag?post=2646"}],"curies":[{"name":"wp","href":"https:\/\/api.w.org\/{rel}","templated":true}]}}