{"id":1966,"date":"2017-10-01T15:51:20","date_gmt":"2017-10-01T15:51:20","guid":{"rendered":"http:\/\/vflwatches.com\/eng\/?post_type=product&#038;p=1966"},"modified":"2023-04-29T22:41:02","modified_gmt":"2023-04-29T22:41:02","slug":"jaeger-lecoultre-etrier","status":"publish","type":"product","link":"https:\/\/vflwatches.com\/eng\/product\/jaeger-lecoultre-etrier\/","title":{"rendered":"Jaeger Lecoultre \u00e9trier *sold*"},"content":{"rendered":"<p>Elegant and rare Jaeger le Coultre \u00e9trier made for Herm\u00e8s. 100% original Jaeger le Coultre parts.<br \/>\nThe overall condition is very good. Triple signed (case, movement and dial). <\/p>\n","protected":false},"excerpt":{"rendered":"<p>Specs:<br \/>\n\u2022\tMovement:\t\tMechanical handwinding<br \/>\n\u2022\tReference:\t\t1670<br \/>\n\u2022\tCaliber:\t\t840<br \/>\n\u2022\tMaterial:\t\t18k yellow gold<br \/>\n\u2022\tDimensions:\t\t20mm without crown &#8211; 35mm from lug to lug<br \/>\n\u2022\tLug width:\t\t10mm<br \/>\n\u2022\tStrap:\t\t\tLeather strap<br \/>\n\u2022\tYear:\t\t\t1962<br \/>\n\u2022\tCrystal:\t\tPlexi<br \/>\n\u2022\tDial:\t\t\tBlack<br \/>\n\u2022\tBox:\t\t\t&#8211;<br \/>\n\u2022\tDocuments: \t\t&#8211;<br \/>\n\u2022\tOther:\t\t\t&#8211;<\/p>\n","protected":false},"featured_media":1972,"template":"","meta":[],"product_cat":[101,34,26,27],"product_tag":[],"_links":{"self":[{"href":"https:\/\/vflwatches.com\/eng\/wp-json\/wp\/v2\/product\/1966"}],"collection":[{"href":"https:\/\/vflwatches.com\/eng\/wp-json\/wp\/v2\/product"}],"about":[{"href":"https:\/\/vflwatches.com\/eng\/wp-json\/wp\/v2\/types\/product"}],"wp:featuredmedia":[{"embeddable":true,"href":"https:\/\/vflwatches.com\/eng\/wp-json\/wp\/v2\/media\/1972"}],"wp:attachment":[{"href":"https:\/\/vflwatches.com\/eng\/wp-json\/wp\/v2\/media?parent=1966"}],"wp:term":[{"taxonomy":"product_cat","embeddable":true,"href":"https:\/\/vflwatches.com\/eng\/wp-json\/wp\/v2\/product_cat?post=1966"},{"taxonomy":"product_tag","embeddable":true,"href":"https:\/\/vflwatches.com\/eng\/wp-json\/wp\/v2\/product_tag?post=1966"}],"curies":[{"name":"wp","href":"https:\/\/api.w.org\/{rel}","templated":true}]}}